{"id":181,"date":"2023-12-26T17:52:39","date_gmt":"2023-12-26T17:52:39","guid":{"rendered":"https:\/\/www.automotive-portal.info\/accueil\/"},"modified":"2025-05-05T08:39:37","modified_gmt":"2025-05-05T08:39:37","slug":"accueil","status":"publish","type":"page","link":"https:\/\/www.automotive-portal.info\/no\/","title":{"rendered":"Home"},"content":{"rendered":"\n<div class=\"wp-block-cover bloc1\" style=\"min-height:100vh;aspect-ratio:unset;\" id=\"bloc-banniere\"><img loading=\"lazy\" decoding=\"async\" width=\"1024\" height=\"576\" class=\"wp-block-cover__image-background wp-image-282 size-large\" alt=\"The road to automotive innovation\" src=\"https:\/\/www.automotive-portal.info\/wp-content\/uploads\/2024\/01\/The-road-to-automotive-innovation--1024x576.webp\" data-object-fit=\"cover\" srcset=\"https:\/\/www.automotive-portal.info\/wp-content\/uploads\/2024\/01\/The-road-to-automotive-innovation--1024x576.webp 1024w, https:\/\/www.automotive-portal.info\/wp-content\/uploads\/2024\/01\/The-road-to-automotive-innovation--300x169.webp 300w, https:\/\/www.automotive-portal.info\/wp-content\/uploads\/2024\/01\/The-road-to-automotive-innovation--768x432.webp 768w, https:\/\/www.automotive-portal.info\/wp-content\/uploads\/2024\/01\/The-road-to-automotive-innovation--1536x864.webp 1536w, https:\/\/www.automotive-portal.info\/wp-content\/uploads\/2024\/01\/The-road-to-automotive-innovation-.webp 1920w\" sizes=\"auto, (max-width: 1024px) 100vw, 1024px\"><span aria-hidden=\"true\" class=\"wp-block-cover__background has-black-background-color has-background-dim\"><\/span><div class=\"wp-block-cover__inner-container has-global-padding is-layout-constrained wp-block-cover-is-layout-constrained\">\n<h1 class=\"wp-block-heading has-text-align-center animated backInUp intro-titre has-base-2-color has-text-color has-link-color wp-elements-c3e0214c93f2e30c784a40285f92ea56\" style=\"font-size:80px\"> Veien til innovasjon  <span> i bilindustrie<\/span> <\/h1>\n\n\n\n<p class=\"has-text-align-center animated backInUp slow has-base-2-color has-text-color has-link-color wp-elements-0012866e0cad1d6ad3561d4d95f56c9d\" style=\"font-size:20px;line-height:1.5\">Bilmarkedet er i stadig utvikling for \u00e5 gi deg en mer komfortabel og effektiv kj\u00f8reopplevelse. Oppdag nye modeller av hybridbiler, stasjonsvogner og milj\u00f8vennlige biler. Benytt deg av v\u00e5r nettbaserte bilutleietjeneste.<\/p>\n<\/div><\/div>\n\n\n\n<div class=\"wp-block-group has-global-padding is-layout-constrained wp-block-group-is-layout-constrained\" style=\"padding-top:5%;padding-bottom:7%\">\n<div class=\"wp-block-columns are-vertically-aligned-center is-layout-flex wp-container-core-columns-is-layout-107a6f69 wp-block-columns-is-layout-flex\" style=\"margin-top:0px;margin-bottom:0px\">\n<div class=\"wp-block-column is-vertically-aligned-center is-layout-flow wp-block-column-is-layout-flow\" style=\"flex-basis:33.33333%\">\n<h2 class=\"wp-block-heading animated slideInLeft has-text-color has-link-color wp-elements-b7758b28af353c7220c7364f8d91b7fc\" style=\"color:#313131;font-size:45px\">Leiebil og andre kj\u00f8ret\u00f8y<\/h2>\n\n\n\n<p class=\"animated slideInLeft slow\">Med leiebil p\u00e5 nett kan du n\u00e5r som helst reservere en bil og bruke den som du \u00f8nsker til private reiser eller forretningsreiser. Den tilpasser seg dine behov og gir deg et bredt utvalg av tilgjengelige biler i n\u00e6rheten av der du bor. <a href=\"https:\/\/no.getaround.com\/\" target=\"_blank\" rel=\" \">GETAROUND<\/a> tilbyr deg en leiebiltjeneste som er tilgjengelig d\u00f8gnet rundt.<\/p>\n\n\n\n<p class=\"animated slideInLeft slower\">Reserver en ny eller brukt bil n\u00e5, og dra nytte av en pakke som er skreddersydd for dine behov. Fra en egen applikasjon kan du l\u00e5se opp bilen din med bare noen f\u00e5 klikk.<\/p>\n<\/div>\n\n\n\n<div class=\"wp-block-column is-vertically-aligned-center is-layout-flow wp-block-column-is-layout-flow\" style=\"flex-basis:33.333333%\">\n<figure class=\"wp-block-image size-full\"><img loading=\"lazy\" decoding=\"async\" width=\"468\" height=\"702\" src=\"https:\/\/www.automotive-portal.info\/wp-content\/uploads\/2024\/01\/Car-rental-and-other-vehicles.webp\" alt=\"Car rental and other vehicles\" class=\"wp-image-298\" srcset=\"https:\/\/www.automotive-portal.info\/wp-content\/uploads\/2024\/01\/Car-rental-and-other-vehicles.webp 468w, https:\/\/www.automotive-portal.info\/wp-content\/uploads\/2024\/01\/Car-rental-and-other-vehicles-200x300.webp 200w\" sizes=\"auto, (max-width: 468px) 100vw, 468px\"><\/figure>\n<\/div>\n\n\n\n<div class=\"wp-block-column is-vertically-aligned-center sect1-box3 animated slideInRight slower has-background is-layout-flow wp-block-column-is-layout-flow\" style=\"background-color:#ca2a2a;padding-top:60px;padding-right:40px;padding-bottom:60px;padding-left:40px;flex-basis:33.333333%\">\n<div class=\"wp-block-columns is-layout-flex wp-container-core-columns-is-layout-28f84493 wp-block-columns-is-layout-flex\">\n<div class=\"wp-block-column is-layout-flow wp-block-column-is-layout-flow\" style=\"flex-basis:20%\">\n<figure class=\"wp-block-image size-full\"><img decoding=\"async\" src=\"https:\/\/www.automotive-portal.info\/wp-content\/uploads\/2024\/01\/Kategori-Biler.svg\" alt=\"Kategori Biler\" class=\"wp-image-316\"><\/figure>\n<\/div>\n\n\n\n<div class=\"wp-block-column is-layout-flow wp-block-column-is-layout-flow\" style=\"flex-basis:80%\">\n<h3 class=\"wp-block-heading has-base-2-color has-text-color has-link-color wp-elements-92f53ea577d8aadc58ed5ca3ed665aba\" style=\"font-size:20px\">Kategori Biler<\/h3>\n\n\n\n<p class=\"has-text-color has-link-color wp-elements-20eb434d6954017abb1973501a1483a8\" style=\"color:#c6c6c6\">Autoberlines, bybiler, crossovere, kompaktbiler, varebiler, nyttekj\u00f8ret\u00f8y.<\/p>\n<\/div>\n<\/div>\n\n\n\n<div class=\"wp-block-columns is-layout-flex wp-container-core-columns-is-layout-ebd733d1 wp-block-columns-is-layout-flex\" style=\"margin-top:20px;margin-bottom:20px\">\n<div class=\"wp-block-column is-layout-flow wp-block-column-is-layout-flow\" style=\"flex-basis:20%\">\n<figure class=\"wp-block-image size-full\"><img decoding=\"async\" src=\"https:\/\/www.automotive-portal.info\/wp-content\/uploads\/2024\/01\/Valg-av-drivstoff.svg\" alt=\"Valg av drivstoff\" class=\"wp-image-336\"><\/figure>\n<\/div>\n\n\n\n<div class=\"wp-block-column is-layout-flow wp-block-column-is-layout-flow\" style=\"flex-basis:80%\">\n<h3 class=\"wp-block-heading has-base-2-color has-text-color has-link-color wp-elements-f6ccde7bea8a3ad3e4202619cc9505db\" style=\"font-size:20px\">Valg av drivstoff<\/h3>\n\n\n\n<p class=\"has-text-color has-link-color wp-elements-6d2d43358ec9f906143e9d4e424d66c2\" style=\"color:#c6c6c6\">Elektrisk, hybrid, bensin, diesel eller hydrogen.<\/p>\n<\/div>\n<\/div>\n\n\n\n<div class=\"wp-block-columns is-layout-flex wp-container-core-columns-is-layout-28f84493 wp-block-columns-is-layout-flex\">\n<div class=\"wp-block-column is-layout-flow wp-block-column-is-layout-flow\" style=\"flex-basis:20%\">\n<figure class=\"wp-block-image size-full\"><img decoding=\"async\" src=\"https:\/\/www.automotive-portal.info\/wp-content\/uploads\/2024\/01\/Unlimited-mileage.svg\" alt=\"Unlimited mileage\" class=\"wp-image-286\"><\/figure>\n<\/div>\n\n\n\n<div class=\"wp-block-column is-layout-flow wp-block-column-is-layout-flow\" style=\"flex-basis:80%\">\n<h3 class=\"wp-block-heading has-base-2-color has-text-color has-link-color wp-elements-a3f426a908c04997def965338b7b4779\" style=\"font-size:20px\">Ubegrenset kj\u00f8relengde<\/h3>\n\n\n\n<p class=\"has-text-color has-link-color wp-elements-9b652801f4d21d8c6dcd8b40a835e452\" style=\"color:#c6c6c6\">Leiebil med ubegrenset kj\u00f8relengde, slik at du kan nyte bilturen til fulle.<\/p>\n<\/div>\n<\/div>\n<\/div>\n<\/div>\n<\/div>\n\n\n\n<div class=\"wp-block-group has-background has-global-padding is-layout-constrained wp-block-group-is-layout-constrained\" style=\"background-color:#ca2a2a;padding-top:6%;padding-bottom:6%\">\n<p class=\"has-text-align-center has-text-color has-link-color wp-elements-c0eee771076d75041b747c54452882b4\" style=\"color:#efd284;font-size:20px\">Bilforhandlere<\/p>\n\n\n\n<h2 class=\"wp-block-heading has-text-align-center has-base-2-color has-text-color has-link-color wp-elements-0a213a8db4563daa8c6ae8e0c78dd9fd\" style=\"font-size:48px\">Nye biltrender<\/h2>\n\n\n\n<p class=\"has-text-align-center parag has-base-2-color has-text-color has-link-color wp-elements-03aefc48274f2a96b3e1ad5ebe86e387\" style=\"padding-right:var(--wp--preset--spacing--50);padding-left:var(--wp--preset--spacing--50)\">Bilforhandlerne presenterer de siste nye biltrendene. De nye modellene har flere funksjoner, interi\u00f8rdesign som kan tilpasses, intelligent belysning, flere oppbevaringsmuligheter og tilpassede dashbord. Noen biler er til og med selvkj\u00f8rende.<\/p>\n<\/div>\n\n\n\n<div class=\"wp-block-group has-global-padding is-layout-constrained wp-block-group-is-layout-constrained\" style=\"padding-top:5%;padding-bottom:5%\">\n<h2 class=\"wp-block-heading has-text-align-center has-text-color has-link-color wp-elements-c8e6c70888250947e3238cadb28ac36a\" style=\"color:#313131;font-size:45px\">Kj\u00f8rer bil i toppklasse<\/h2>\n\n\n\n<p class=\"has-text-align-center parag\" style=\"padding-right:var(--wp--preset--spacing--50);padding-left:var(--wp--preset--spacing--50)\">Ta deg ut p\u00e5 veiene bak rattet i en elektrisk, sportslig eller autonom bil. I hjertet av automotive excellence kan du glede deg over mer effektiv kj\u00f8ring.<\/p>\n\n\n\n<div class=\"wp-block-columns is-layout-flex wp-container-core-columns-is-layout-e4e0a199 wp-block-columns-is-layout-flex\" style=\"margin-top:0px;margin-bottom:0px;padding-top:4%\">\n<div class=\"wp-block-column animated zoomIn is-layout-flow wp-block-column-is-layout-flow\">\n<div class=\"wp-block-cover is-light anim-box\" style=\"padding-top:6%;padding-right:6%;padding-bottom:6%;padding-left:6%;min-height:520px;aspect-ratio:unset;\"><img loading=\"lazy\" decoding=\"async\" width=\"420\" height=\"586\" class=\"wp-block-cover__image-background wp-image-312 size-full\" alt=\"Elektriske biler\" src=\"https:\/\/www.automotive-portal.info\/wp-content\/uploads\/2024\/01\/Elektriske-biler.webp\" data-object-fit=\"cover\" srcset=\"https:\/\/www.automotive-portal.info\/wp-content\/uploads\/2024\/01\/Elektriske-biler.webp 420w, https:\/\/www.automotive-portal.info\/wp-content\/uploads\/2024\/01\/Elektriske-biler-215x300.webp 215w\" sizes=\"auto, (max-width: 420px) 100vw, 420px\"><span aria-hidden=\"true\" class=\"wp-block-cover__background has-background-dim-0 has-background-dim\" style=\"background-color:#ca2a2a\"><\/span><div class=\"wp-block-cover__inner-container has-global-padding is-layout-constrained wp-container-core-cover-is-layout-104ae2b0 wp-block-cover-is-layout-constrained\">\n<h3 class=\"wp-block-heading has-text-align-center has-base-2-color has-text-color has-link-color wp-elements-71458d2fa6be5c8a4da200efd097c9e5\" style=\"font-size:24px\">Elektriske biler<\/h3>\n\n\n\n<p class=\"has-text-align-center has-base-2-color has-text-color has-link-color wp-elements-ae0a0a39afe692447b0b1dfb16f0a6ea\" style=\"font-size:16px;line-height:1.4\">Biler som drives av en elektrisk motor og str\u00f8mforsyning.<\/p>\n<\/div><\/div>\n<\/div>\n\n\n\n<div class=\"wp-block-column animated zoomIn slow is-layout-flow wp-block-column-is-layout-flow\">\n<div class=\"wp-block-cover anim-box\" style=\"padding-top:6%;padding-right:6%;padding-bottom:6%;padding-left:6%;min-height:520px;aspect-ratio:unset;\"><img loading=\"lazy\" decoding=\"async\" width=\"420\" height=\"586\" class=\"wp-block-cover__image-background wp-image-280 size-full\" alt=\"Sports cars\" src=\"https:\/\/www.automotive-portal.info\/wp-content\/uploads\/2024\/01\/Sports-cars.webp\" data-object-fit=\"cover\" srcset=\"https:\/\/www.automotive-portal.info\/wp-content\/uploads\/2024\/01\/Sports-cars.webp 420w, https:\/\/www.automotive-portal.info\/wp-content\/uploads\/2024\/01\/Sports-cars-215x300.webp 215w\" sizes=\"auto, (max-width: 420px) 100vw, 420px\"><span aria-hidden=\"true\" class=\"wp-block-cover__background has-background-dim-0 has-background-dim\" style=\"background-color:#ca2a2a\"><\/span><div class=\"wp-block-cover__inner-container has-global-padding is-layout-constrained wp-container-core-cover-is-layout-104ae2b0 wp-block-cover-is-layout-constrained\">\n<h3 class=\"wp-block-heading has-text-align-center has-base-2-color has-text-color has-link-color wp-elements-792f9780fdb127e1f2807c4620f1c22e\" style=\"font-size:24px\">Sportsbiler<\/h3>\n\n\n\n<p class=\"has-text-align-center has-base-2-color has-text-color has-link-color wp-elements-9bc1e2412037fbd01c243859e0b72057\" style=\"font-size:16px;line-height:1.4\">Kraftige biler som oppfyller motorsportens krav.<\/p>\n<\/div><\/div>\n<\/div>\n\n\n\n<div class=\"wp-block-column animated zoomIn slower is-layout-flow wp-block-column-is-layout-flow\">\n<div class=\"wp-block-cover is-light anim-box\" style=\"padding-top:6%;padding-right:6%;padding-bottom:6%;padding-left:6%;min-height:520px;aspect-ratio:unset;\"><img loading=\"lazy\" decoding=\"async\" width=\"420\" height=\"586\" class=\"wp-block-cover__image-background wp-image-290 size-full\" alt=\"Autonomous cars\" src=\"https:\/\/www.automotive-portal.info\/wp-content\/uploads\/2024\/01\/Autonomous-cars-.webp\" data-object-fit=\"cover\" srcset=\"https:\/\/www.automotive-portal.info\/wp-content\/uploads\/2024\/01\/Autonomous-cars-.webp 420w, https:\/\/www.automotive-portal.info\/wp-content\/uploads\/2024\/01\/Autonomous-cars--215x300.webp 215w\" sizes=\"auto, (max-width: 420px) 100vw, 420px\"><span aria-hidden=\"true\" class=\"wp-block-cover__background has-background-dim-0 has-background-dim\" style=\"background-color:#ca2a2a\"><\/span><div class=\"wp-block-cover__inner-container has-global-padding is-layout-constrained wp-container-core-cover-is-layout-104ae2b0 wp-block-cover-is-layout-constrained\">\n<h3 class=\"wp-block-heading has-text-align-center has-base-2-color has-text-color has-link-color wp-elements-cae4ecd00c49f568d90f7f7be7911c54\" style=\"font-size:24px\">Autonome biler<\/h3>\n\n\n\n<p class=\"has-text-align-center has-base-2-color has-text-color has-link-color wp-elements-dfadb7c72a884db96fcb7eaec7e67c7f\" style=\"font-size:16px;line-height:1.4\">Biler med autonom eller hybrid kj\u00f8ring for \u00e5 gi deg valget.<\/p>\n<\/div><\/div>\n<\/div>\n<\/div>\n<\/div>\n\n\n\n<div class=\"wp-block-group b3 has-global-padding is-layout-constrained wp-block-group-is-layout-constrained has-background\" style=\"padding-top:6%;padding-bottom:6%;background-image:url('https:\/\/www.automotive-portal.info\/wp-content\/uploads\/2024\/01\/Kjor-komfortabelt-med-familiebiler.webp');background-size:cover;background-attachment:fixed;\">\n<div class=\"wp-block-columns is-layout-flex wp-container-core-columns-is-layout-107a6f69 wp-block-columns-is-layout-flex\" style=\"margin-top:0px;margin-bottom:0px\">\n<div class=\"wp-block-column is-layout-flow wp-block-column-is-layout-flow\">\n<h2 class=\"wp-block-heading has-base-2-color has-text-color has-link-color wp-elements-9120cc7c6782202a7f1bfed39bd893f5\" style=\"font-size:45px\">Kj\u00f8r komfortabelt med familiebiler<\/h2>\n\n\n\n<p class=\"has-base-2-color has-text-color has-link-color wp-elements-a63a2385036c0ab48e752c1d47ecc582\">Familiebiler gir deg en vennlig og komfortabel plass der du kan slappe av p\u00e5 ulike bilturer. De har nok seter til \u00e5 romme hele familien, inkludert kj\u00e6ledyr. P\u00e5 noen modeller er en tredje seterad tilgjengelig som ekstrautstyr.<\/p>\n\n\n\n<p class=\"has-base-2-color has-text-color has-link-color wp-elements-46a60d18adefb3b9531c411f8daa9716\">Komforten i en familiebil betyr ogs\u00e5 ekstra stort lasterom, flere oppbevaringsmuligheter og et interi\u00f8r utstyrt med klimaanlegg og avansert teknologi.<\/p>\n<\/div>\n\n\n\n<div class=\"wp-block-column is-layout-flow wp-block-column-is-layout-flow\">\n<h2 class=\"wp-block-heading has-base-2-color has-text-color has-link-color wp-elements-869099cdad5ba691fb494eb31f485032\" style=\"font-size:45px\">Kunnskap om bilrestaurering<\/h2>\n\n\n\n<p class=\"has-base-2-color has-text-color has-link-color wp-elements-c84cb16fce3dba178eec1d035136d8ff\">Bilrestaurering gir gamle og brukte biler et nytt liv. Det krever kunnskap og et skarpt \u00f8ye for detaljer for \u00e5 oppn\u00e5 gode resultater. Fagfolk p\u00e5 omr\u00e5det kan restaurere dekk, mekaniske komponenter, interi\u00f8r, karosseri og belysning p\u00e5 dine klassiske biler.<\/p>\n\n\n\n<p class=\"has-background\" style=\"border-left-color:#efd284;border-left-width:5px;background-color:#f3f3f3\">Takket v\u00e6re bilrestaurering kan du glede deg over en utmerket renovert bruktbil, like kraftig og komfortabel som en ny bil.<\/p>\n<\/div>\n<\/div>\n<\/div>\n\n\n\n<div class=\"wp-block-group has-background has-global-padding is-layout-constrained wp-block-group-is-layout-constrained\" style=\"background-color:#f2f2f2;padding-top:6%;padding-bottom:6%\">\n<div class=\"wp-block-columns is-layout-flex wp-container-core-columns-is-layout-107a6f69 wp-block-columns-is-layout-flex\" style=\"margin-top:0px;margin-bottom:0px\">\n<div class=\"wp-block-column is-layout-flow wp-block-column-is-layout-flow\" style=\"flex-basis:40%\">\n<h2 class=\"wp-block-heading has-text-color has-link-color wp-elements-a3497ba76b992064e621c7be6fba4a7c\" style=\"color:#313131;font-size:45px\">Kj\u00f8p bildeler p\u00e5 nettet!<\/h2>\n\n\n\n<p>Trenger du \u00e5 bytte dekk, bremser, batteri eller filter? Du kan kj\u00f8pe alle slags bildeler p\u00e5 nettsteder som er dedikert til salg av reservedeler. Noen selgere kan til og med ta tilbake de gamle delene dine og tilby deg rabatter.<\/p>\n<\/div>\n\n\n\n<div class=\"wp-block-column animated slideInRight is-layout-flow wp-block-column-is-layout-flow\" style=\"flex-basis:20%\">\n<figure class=\"wp-block-image size-full\"><img decoding=\"async\" src=\"https:\/\/www.automotive-portal.info\/wp-content\/uploads\/2024\/01\/Dekk.svg\" alt=\"Dekk\" class=\"wp-image-310\"><\/figure>\n\n\n\n<h3 class=\"wp-block-heading has-text-color has-link-color wp-elements-b28ebcfad59f23ba904f8889bd5d4a10\" style=\"color:#313131;font-size:23px\">Dekk<\/h3>\n\n\n\n<p>Et bredt utvalg av dekk til personbiler, familiebiler og nyttekj\u00f8ret\u00f8y.<\/p>\n<\/div>\n\n\n\n<div class=\"wp-block-column animated slideInRight slow is-layout-flow wp-block-column-is-layout-flow\" style=\"flex-basis:20%\">\n<figure class=\"wp-block-image size-full\"><img decoding=\"async\" src=\"https:\/\/www.automotive-portal.info\/wp-content\/uploads\/2024\/01\/Mechanics.svg\" alt=\"Mechanics\" class=\"wp-image-278\"><\/figure>\n\n\n\n<h3 class=\"wp-block-heading has-text-color has-link-color wp-elements-3e38ac36c285118ef3b4f2e7ccb378a6\" style=\"color:#313131;font-size:23px\">Mekanikk<\/h3>\n\n\n\n<p>Kraftige mekaniske deler som forbedrer bilens ytelse.<\/p>\n<\/div>\n\n\n\n<div class=\"wp-block-column animated slideInRight slower is-layout-flow wp-block-column-is-layout-flow\" style=\"flex-basis:20%\">\n<figure class=\"wp-block-image size-full\"><img decoding=\"async\" src=\"https:\/\/www.automotive-portal.info\/wp-content\/uploads\/2024\/01\/Elektronikk.svg\" alt=\"Elektronikk\" class=\"wp-image-314\"><\/figure>\n\n\n\n<h3 class=\"wp-block-heading has-text-color has-link-color wp-elements-7e2fbe18343480c193b236915e10135f\" style=\"color:#313131;font-size:23px\">Elektronikk<\/h3>\n\n\n\n<p>Elektroniske komponenter av h\u00f8y kvalitet, tilpasset din bilmodell.<\/p>\n<\/div>\n<\/div>\n<\/div>\n\n\n\n<div class=\"wp-block-group b4 has-background has-global-padding is-layout-constrained wp-block-group-is-layout-constrained\" style=\"background-color:#c92a2a7a;padding-top:6%;padding-bottom:6%;background-image:url('https:\/\/www.automotive-portal.info\/wp-content\/uploads\/2024\/01\/Car-paint-and-design.webp');background-size:cover;background-attachment:fixed;\">\n<p class=\"has-text-align-center has-text-color has-link-color wp-elements-65d2f16f36bef5eb888d89718f7f8005\" style=\"color:#efd284;font-size:20px\">Billakk og design<\/p>\n\n\n\n<h2 class=\"wp-block-heading has-text-align-center has-base-2-color has-text-color has-link-color wp-elements-7a7c6f9a3301f9c85341a0cd41d36474\" style=\"font-size:48px\">Trendige bilfarger<\/h2>\n\n\n\n<p class=\"has-text-align-center parag has-base-2-color has-text-color has-link-color wp-elements-c84b7a81601a4a0697a0c1fa9f9cfe26\" style=\"padding-right:var(--wp--preset--spacing--50);padding-left:var(--wp--preset--spacing--50)\">Oppdag de trendy fargene du ser p\u00e5 bilutstillinger og hos bilforhandlere. Disse inkluderer hvitt, dypbl\u00e5tt, svart, s\u00f8lvgr\u00e5tt, knallr\u00f8dt, brunt og beige. Andre modeller har fargeblandinger og spesialtilpassede m\u00f8nstre.<\/p>\n<\/div>\n\n\n\n<div class=\"wp-block-group has-background has-global-padding is-layout-constrained wp-block-group-is-layout-constrained\" style=\"background-color:#f2f2f2;padding-top:5%;padding-bottom:5%\">\n<div class=\"wp-block-columns are-vertically-aligned-center is-layout-flex wp-container-core-columns-is-layout-107a6f69 wp-block-columns-is-layout-flex\" style=\"margin-top:0px;margin-bottom:0px\">\n<div class=\"wp-block-column is-vertically-aligned-center is-layout-flow wp-block-column-is-layout-flow\">\n<h2 class=\"wp-block-heading has-text-color has-link-color wp-elements-4dbe9daac1a84a70baff1014434f2f6c\" style=\"color:#313131;font-size:45px\">Under panseret p\u00e5 bilteknologien<\/h2>\n\n\n\n<p>Alt fra GPS til tr\u00e5dl\u00f8se ladere \u2013 bilteknologi forbedrer kj\u00f8reopplevelsen din. De kan brukes til en rekke ulike funksjoner.<\/p>\n\n\n\n<div class=\"wp-block-gutenberg-custom-multiple-accordion-block custom-accordion animated slideInUp slower\"><div class=\"accordion-section\"><div class=\"accordion-title\">GPS og bilradio \t\t\t\t\t\t\t\t\t\t\t\t\t<\/div><div class=\"accordion-content\">\nGPS og radio integrert i bilens dashbord, tilgjengelig til enhver tid.\n<\/div><\/div><div class=\"accordion-section\"><div class=\"accordion-title\">Ryggekamera\t\t\t\t\t\t\t\t\t\t\t\t<\/div><div class=\"accordion-content\">Et godt plassert ryggekamera som hjelper deg med \u00e5 parkere og hente bilen.<\/div><\/div><div class=\"accordion-section\"><div class=\"accordion-title\">Tr\u00e5dl\u00f8s lader \t\t\t\t\t\t\t\t\t\t\t\t\t<\/div><div class=\"accordion-content\">\nEt tr\u00e5dl\u00f8st ladealternativ for smarttelefoner, nettbrett og andre elektroniske enheter om bord.\n<\/div><\/div><\/div>\n<\/div>\n\n\n\n<div class=\"wp-block-column is-vertically-aligned-center is-layout-flow wp-block-column-is-layout-flow\">\n<figure class=\"wp-block-image size-large animated slideInRight slow\"><img decoding=\"async\" src=\"https:\/\/www.automotive-portal.info\/wp-content\/uploads\/2024\/01\/auto-technology1.webp\" alt=\"\"><\/figure>\n<\/div>\n<\/div>\n<\/div>\n\n\n\n<div class=\"wp-block-group has-global-padding is-layout-constrained wp-block-group-is-layout-constrained\" style=\"padding-top:5%;padding-bottom:5%\">\n<div class=\"wp-block-columns is-layout-flex wp-container-core-columns-is-layout-107a6f69 wp-block-columns-is-layout-flex\" style=\"margin-top:0px;margin-bottom:0px\">\n<div class=\"wp-block-column animated zoomIn slow has-background is-layout-flow wp-block-column-is-layout-flow\" style=\"background-color:#ca2a2a;padding-top:30px;padding-right:30px;padding-bottom:30px;padding-left:30px\">\n<figure class=\"wp-block-image size-large\"><img decoding=\"async\" src=\"https:\/\/www.automotive-portal.info\/wp-content\/uploads\/2024\/01\/Connectivity-and-remote-diagnostics.webp\" alt=\"\"><\/figure>\n\n\n\n<h3 class=\"wp-block-heading has-base-2-color has-text-color has-link-color wp-elements-f307b30dbed010371a91c37a4f7931d1\" style=\"font-size:27px\">Tilkoblingsmuligheter og fjerndiagnostikk<\/h3>\n\n\n\n<p class=\"has-text-color has-link-color wp-elements-920dcdd67f240f642b7e8ef9077caef5\" style=\"color:#f2f2f2\">Oppdag bilteknologier som gj\u00f8r det mulig \u00e5 koble bilen din til andre kj\u00f8ret\u00f8y, apparater eller enheter. Denne innovasjonen gj\u00f8r det mulig \u00e5 utf\u00f8re fjerndiagnostikk.<\/p>\n<\/div>\n\n\n\n<div class=\"wp-block-column animated zoomIn slower has-background is-layout-flow wp-block-column-is-layout-flow\" style=\"background-color:#ca2a2a;padding-top:30px;padding-right:30px;padding-bottom:30px;padding-left:30px\">\n<figure class=\"wp-block-image size-large\"><img decoding=\"async\" src=\"https:\/\/www.automotive-portal.info\/wp-content\/uploads\/2024\/01\/Ecological-spare-parts.webp\" alt=\"\"><\/figure>\n\n\n\n<h3 class=\"wp-block-heading has-base-2-color has-text-color has-link-color wp-elements-53a5774eb89e6d0f4a72fd941ab63a3b\" style=\"font-size:27px\">Milj\u00f8vennlige reservedeler<\/h3>\n\n\n\n<p class=\"has-text-color has-link-color wp-elements-b84724645a925399d1ad37338e97a486\" style=\"color:#f2f2f2\">En oversikt over milj\u00f8vennlige reservedeler for \u00e5 redusere bilens drivstofforbruk, kj\u00f8re med h\u00f8y ytelse og begrense klimagassutslippene.<\/p>\n<\/div>\n\n\n\n<div class=\"wp-block-column is-vertically-aligned-center is-layout-flow wp-block-column-is-layout-flow\">\n<h2 class=\"wp-block-heading has-text-color has-link-color wp-elements-9d4c7ef2904aebe2d890f22dbd983b64\" style=\"color:#313131;font-size:45px\">Forebyggende vedlikehold av bilen<\/h2>\n\n\n\n<p>Det er lurt \u00e5 utf\u00f8re forebyggende vedlikehold p\u00e5 bilen etter 10 000 til 20 000 km. Da kan du oppdage tekniske og mekaniske problemer i god tid f\u00f8r de oppst\u00e5r.<\/p>\n\n\n\n<p>Med forebyggende vedlikehold unng\u00e5r du ubehagelige overraskelser og kostbare reparasjoner som kan oppst\u00e5 n\u00e5r som helst.<\/p>\n<\/div>\n<\/div>\n<\/div>\n","protected":false},"excerpt":{"rendered":"<p>Leiebil og andre kj\u00f8ret\u00f8y Med leiebil p\u00e5 nett kan du n\u00e5r som helst reservere en bil og bruke den som du \u00f8nsker til private reiser eller forretningsreiser. Den tilpasser seg&#8230;<\/p>\n","protected":false},"author":1,"featured_media":0,"parent":0,"menu_order":0,"comment_status":"closed","ping_status":"closed","template":"","meta":{"footnotes":""},"class_list":["post-181","page","type-page","status-publish","hentry"],"_links":{"self":[{"href":"https:\/\/www.automotive-portal.info\/no\/wp-json\/wp\/v2\/pages\/181","targetHints":{"allow":["GET"]}}],"collection":[{"href":"https:\/\/www.automotive-portal.info\/no\/wp-json\/wp\/v2\/pages"}],"about":[{"href":"https:\/\/www.automotive-portal.info\/no\/wp-json\/wp\/v2\/types\/page"}],"author":[{"embeddable":true,"href":"https:\/\/www.automotive-portal.info\/no\/wp-json\/wp\/v2\/users\/1"}],"replies":[{"embeddable":true,"href":"https:\/\/www.automotive-portal.info\/no\/wp-json\/wp\/v2\/comments?post=181"}],"version-history":[{"count":7,"href":"https:\/\/www.automotive-portal.info\/no\/wp-json\/wp\/v2\/pages\/181\/revisions"}],"predecessor-version":[{"id":377,"href":"https:\/\/www.automotive-portal.info\/no\/wp-json\/wp\/v2\/pages\/181\/revisions\/377"}],"wp:attachment":[{"href":"https:\/\/www.automotive-portal.info\/no\/wp-json\/wp\/v2\/media?parent=181"}],"curies":[{"name":"wp","href":"https:\/\/api.w.org\/{rel}","templated":true}]}}